{"id":1017,"date":"2024-02-01T15:20:24","date_gmt":"2024-02-01T14:20:24","guid":{"rendered":"http:\/\/www.turnverein-villach.at\/?page_id=1017"},"modified":"2025-09-30T13:03:50","modified_gmt":"2025-09-30T11:03:50","slug":"faqs","status":"publish","type":"page","link":"https:\/\/www.turnverein-villach.at\/?page_id=1017","title":{"rendered":"FAQs"},"content":{"rendered":"\n<p><p><strong>Anmeldung zum Verein<\/strong><br>Bevor du dich oder dein Kind zum Verein anmeldest, nutze unser Schnupperangebot, so kannst du feststellen, ob dir unser Kursangebot auch gef\u00e4llt.<br>Die Anmeldung zum Verein erfolgt online \u00fcber unsere Homepage. Nachdem die Anmeldung bearbeitet wurde, erh\u00e4ltst du per Mail oder Brief die Rechnung zugeschickt. Bitte um rasche Bezahlung unter Angabe der auf der Rechnung gelb hinterlegten Rechnungsnummer.<\/p> <\/p>\n\n\n\n<p><\/p>\n\n\n<p><strong>Mitgliedsbeitrag was ist inkludiert<\/strong><br \/>Die Rechnung f\u00fcr den Mitgliedsbeitrag wird immer Anfang des Jahres von uns verschickt. Bitte den Mitgliedsbeitrag rechtzeitig einzahlen (BITTE IMMER AUF DIE RECHNUNG WARTEN). Der Mitgliedsbeitrag gilt f\u00fcr das gesamte Kalenderjahr.<\/p>\n<p>F\u00fcr Erwachsene gilt: sie k\u00f6nnen durch Bezahlung des Mitgliedsbeitrags s\u00e4mtliche angebotenen Kurse unseres Vereins ohne weitere Zahlung nutzen. Das Eltern-Kind-Turnen ist ebenfalls ein Kurs, der f\u00fcr Erwachsene mit ihren Kindern angeboten wird, auch dann kann der angemeldete Elternteil alle unsere Kurse besuchen.<\/p>\n<p><br \/>Bei Kindern und Jugendlichen gilt: je nach Nachfrage kann das Kind ein- bis zweimal pro Woche zum Turnen kommen. Im Mitgliedsbeitrag sind auch allf\u00e4llige Geb\u00fchren f\u00fcr die Teilnahme an vereinsinternen Meisterschaften und Wettk\u00e4mpfen inkludiert.<br \/>Der Mitgliedsbeitrag ist f\u00fcr alle deine Kinder zu bezahlen.\u00a0<br \/><strong>WICHTIG<\/strong>: die Anmeldung alleine macht dich noch nicht zum Mitglied, erst die erfolgte Zahlung des Mitgliedsbeitrags berechtigt dich zur Teilnahme an unseren Kursen.<\/p>\n\n\n<p>&#8212; 2025 &#8212;<\/p>\n\n\n\n<p>A-Mitglieder (ab dem 19. Lebensjahr) 185\u20ac<br>Beitritt ab September bis Dezember 70\u20ac<\/p>\n\n\n\n<p>Jugendliche (bis zum 19. Lebensjahr), Studenten 190\u20ac inkl. Nenngeldern f\u00fcr vereinsinterne Wettk\u00e4mpfe<br>Beitritt ab Oktober &#8211; Dezember 70\u20ac<\/p>\n\n\n\n<p><p>Unterst\u00fctzende Mitglieder 55\u20ac<br>Einmalige Beitrittsgeb\u00fchr 10\u20ac<\/p> <\/p>\n\n\n\n<p><\/p>\n\n\n\n<p><p><strong>Schnuppern &#8211; Ausprobieren unseres Turnangebots<\/strong><br>Erwachsene k\u00f6nnen ganzj\u00e4hrig jederzeit zum Schnuppern kommen. Ausnahme sind die Kurse, die in unserem bewegungs.raum im 1. Stock angeboten werden, hier gibt es nur eine beschr\u00e4nkte Teilnehmerzahl und daher ist eine Anmeldung vorab notwendig. <br>F\u00fcr Kinder haben wir Ende Sommer bzw. im September die M\u00f6glichkeit zum Schnuppern. Dann gibt es auf Grund der hohen Nachfrage meistens einen Aufnahmestopp.<br>Im J\u00e4nner kann es eine weitere M\u00f6glichkeit zum Schnuppern geben, aber nur, wenn gen\u00fcgend Pl\u00e4tze frei sind!<br>Bitte schaut auf der Homepage unter Aktuelles nach, dort wird immer ausgeschrieben, ob gerade geschnuppert werden kann oder nicht.<\/p> <\/p>\n\n\n\n<p><\/p>\n\n\n\n<p><p><strong>Turnkleidung<\/strong> &#8211; was ist mitzubringen<br>F\u00fcr Erwachsene: bequeme Turnkleidung, Sportschuhe, die nur in der Halle getragen werden oder Gymnastikpatschen. Bringe bitte auch deine eigene Gymnastikmatte mit.<br>F\u00fcr Kinder: Leggins, Turnhose, kurze Hose, T-Shirt, Jacke, Gymnastikpatschen oder barfuss. Achtet bitte darauf, dass ihr keine bauchfreien T-Shirts anzieht, da die beim Turnen nur verrutschen!<br>Am besten tr\u00e4gst du keinen Schmuck beim Turnen, du k\u00f6nntest dich damit verletzen bzw. ihn verlieren.<br>Unsere Turnhalle und der bewegungs.raum d\u00fcrfen nicht mit Stra\u00dfenschuhen betreten werden.<\/p> <\/p>\n\n\n\n<p><\/p>\n\n\n\n<p><strong>Kursangebot<\/strong><br>Das aktuelle Kursangebot findest du in unserem &#8222;Turnplan&#8220;, den du dir auch als Grafik herunterladen oder ausdrucken kannst. In der Rubrik &#8222;Angebot&#8220; findest du n\u00e4here Beschreibungen zu den Kursen bzw. f\u00fcr welche Zielgruppen die Kurse geeignet sind. Wenn wir neue Trainingseinheiten anbieten so bewerben wir diese zu Beginn in der Rubrik &#8222;Aktuelles&#8220;. <br>Wenn du Interesse an einem Kurs hast, dann komme einfach unverbindlich zum Schnuppern vorbei und mach dir selber ein Bild!<\/p>\n<nbsp> <br>\n\n\n\n<p><strong>Abmeldung vom Verein<\/strong> &#8211; MUSS aktiv gemacht werden<br>Wenn du nicht mehr zum Turnen kommen m\u00f6chtest, dann musst du dich aktiv vom Verein abmelden. Die Abmeldung muss immer bis sp\u00e4testens Ende November des laufenden Jahres erfolgen. (Also im Jahr 2025 musst du dich bis 30.11.25 abmelden, damit die Mitgliedschaft mit 31.12.2025 beendet werden kann.) Erfolgt die Abmeldung zu sp\u00e4t bzw. gar nicht, so <em>l\u00e4uft die Mitgliedschaft automatisch im n\u00e4chsten Jahr<\/em> <em>weiter<\/em>!!<br>\u00dcbrigens: es gen\u00fcgt nicht, dass du nicht mehr zum Turnen kommst, deine Mitgliedschaft ist ein Vertrag der trotzdem weiter l\u00e4uft. Daher bitte unbedingt um deine telefonische oder schriftliche K\u00fcndigung!!<\/p>\n","protected":false},"excerpt":{"rendered":"<p>Anmeldung zum VereinBevor du dich oder dein Kind zum Verein anmeldest, nutze unser Schnupperangebot, so kannst du feststellen, ob dir unser Kursangebot auch gef\u00e4llt.Die Anmeldung zum Verein erfolgt online \u00fcber unsere Homepage. Nachdem die Anmeldung bearbeitet wurde, erh\u00e4ltst du per Mail oder Brief die Rechnung zugeschickt. Bitte um rasche Bezahlung unter Angabe der auf der [&hellip;]<\/p>\n","protected":false},"author":41,"featured_media":0,"parent":0,"menu_order":0,"comment_status":"closed","ping_status":"closed","template":"","meta":{"footnotes":""},"_links":{"self":[{"href":"https:\/\/www.turnverein-villach.at\/index.php?rest_route=\/wp\/v2\/pages\/1017"}],"collection":[{"href":"https:\/\/www.turnverein-villach.at\/index.php?rest_route=\/wp\/v2\/pages"}],"about":[{"href":"https:\/\/www.turnverein-villach.at\/index.php?rest_route=\/wp\/v2\/types\/page"}],"author":[{"embeddable":true,"href":"https:\/\/www.turnverein-villach.at\/index.php?rest_route=\/wp\/v2\/users\/41"}],"replies":[{"embeddable":true,"href":"https:\/\/www.turnverein-villach.at\/index.php?rest_route=%2Fwp%2Fv2%2Fcomments&post=1017"}],"version-history":[{"count":32,"href":"https:\/\/www.turnverein-villach.at\/index.php?rest_route=\/wp\/v2\/pages\/1017\/revisions"}],"predecessor-version":[{"id":1563,"href":"https:\/\/www.turnverein-villach.at\/index.php?rest_route=\/wp\/v2\/pages\/1017\/revisions\/1563"}],"wp:attachment":[{"href":"https:\/\/www.turnverein-villach.at\/index.php?rest_route=%2Fwp%2Fv2%2Fmedia&parent=1017"}],"curies":[{"name":"wp","href":"https:\/\/api.w.org\/{rel}","templated":true}]}}