{"id":37,"date":"2017-01-02T11:21:20","date_gmt":"2017-01-02T10:21:20","guid":{"rendered":"http:\/\/turnverein.localhost\/?page_id=37"},"modified":"2024-05-30T19:12:43","modified_gmt":"2024-05-30T17:12:43","slug":"startseite","status":"publish","type":"page","link":"https:\/\/www.turnverein-villach.at\/","title":{"rendered":"Startseite"},"content":{"rendered":"\n\n\n<hr class=\"wp-block-separator has-alpha-channel-opacity\"\/>\n\n\n\n<p class=\"has-text-align-center\">Der VTV hat ca. 950 Mitglieder &#8211;&nbsp;kommen Sie in eine unsere Turnstunden und nehmen Sie an einer Schnupperstunde teil \ud83d\ude42<\/p>\n\n\n\n<p class=\"has-text-align-center\">Wenn es Ihnen oder Ihrem Kind bei uns gef\u00e4llt &#8211; freuen wir uns \u00fcber jedes neue Mitglied!<br> Sie k\u00f6nnen aus 17 Angeboten f\u00fcr Erwachsene entsprechend Ihren Neigungen und Bed\u00fcrfnissen w\u00e4hlen.<\/p>\n\n\n\n<p class=\"has-text-align-center\">Eine Anmeldung ist jederzeit m\u00f6glich und kann vor jeder Turnstunde erfolgen (ausgenommen Eltern-Kind-Turnen sowie Kinderturnstunden).<br> Fachlich ausgebildete und qualifizierte VorturnerInnen stehen zur Verf\u00fcgung; Sie garantieren f\u00fcr die Qualit\u00e4t der Turnstunden und f\u00f6rdern die Freude am Sport und der Gemeinschaft.<\/p>\n\n\n\n<hr class=\"wp-block-separator has-alpha-channel-opacity\"\/>\n\n\n\n<div class=\"wrap-home\" style=\"margin-top: 40px;\">\n<div class=\"wrap-home-heading\">\n<h2 style=\"text-align: center;\"><\/h2>\n<\/div>\n<h2 style=\"text-align: center;\"><\/h2>\n<\/div>\n","protected":false},"excerpt":{"rendered":"<p>Der VTV hat ca. 950 Mitglieder &#8211;&nbsp;kommen Sie in eine unsere Turnstunden und nehmen Sie an einer Schnupperstunde teil \ud83d\ude42 Wenn es Ihnen oder Ihrem Kind bei uns gef\u00e4llt &#8211; freuen wir uns \u00fcber jedes neue Mitglied! Sie k\u00f6nnen aus 17 Angeboten f\u00fcr Erwachsene entsprechend Ihren Neigungen und Bed\u00fcrfnissen w\u00e4hlen. Eine Anmeldung ist jederzeit m\u00f6glich [&hellip;]<\/p>\n","protected":false},"author":1,"featured_media":0,"parent":0,"menu_order":0,"comment_status":"closed","ping_status":"closed","template":"page-home.php","meta":{"footnotes":""},"_links":{"self":[{"href":"https:\/\/www.turnverein-villach.at\/index.php?rest_route=\/wp\/v2\/pages\/37"}],"collection":[{"href":"https:\/\/www.turnverein-villach.at\/index.php?rest_route=\/wp\/v2\/pages"}],"about":[{"href":"https:\/\/www.turnverein-villach.at\/index.php?rest_route=\/wp\/v2\/types\/page"}],"author":[{"embeddable":true,"href":"https:\/\/www.turnverein-villach.at\/index.php?rest_route=\/wp\/v2\/users\/1"}],"replies":[{"embeddable":true,"href":"https:\/\/www.turnverein-villach.at\/index.php?rest_route=%2Fwp%2Fv2%2Fcomments&post=37"}],"version-history":[{"count":102,"href":"https:\/\/www.turnverein-villach.at\/index.php?rest_route=\/wp\/v2\/pages\/37\/revisions"}],"predecessor-version":[{"id":1143,"href":"https:\/\/www.turnverein-villach.at\/index.php?rest_route=\/wp\/v2\/pages\/37\/revisions\/1143"}],"wp:attachment":[{"href":"https:\/\/www.turnverein-villach.at\/index.php?rest_route=%2Fwp%2Fv2%2Fmedia&parent=37"}],"curies":[{"name":"wp","href":"https:\/\/api.w.org\/{rel}","templated":true}]}}